{"id":57,"date":"2014-02-16T22:28:45","date_gmt":"2014-02-16T22:28:45","guid":{"rendered":"http:\/\/www.sirkeskills.co.uk\/?page_id=57"},"modified":"2014-02-23T21:56:49","modified_gmt":"2014-02-23T21:56:49","slug":"a-laere-om-kultur-og-skikker","status":"publish","type":"page","link":"https:\/\/sirkelskills.com\/?page_id=57","title":{"rendered":"\u00c5 L\u00e6re om Kultur og Skikker"},"content":{"rendered":"<h1>Koble Sirkelen<\/h1>\n<h2>\u00c5 l\u00e6re om kultur og skikker<\/h2>\n<p>Introduksjon<\/p>\n<p>\u00c5 l\u00e6re et spr\u00e5k er det f\u00f8rste steget i retning av \u00e5 forst\u00e5 et lands kultur. Dette er imidlertid bare starten p\u00e5 prosessen. \u00a0N\u00e5r man f\u00e5r innsikt i landets kultur og sedvaner, vil dette berike opplevelsen under oppholdet og bidra til innlevelse og trivsel.<\/p>\n<p>Selv om Norge og Storbritannia bare er en to timers flyreise fra hverandre, er det klare kulturelle forskjeller mellom landene. Innsikt i disse forskjellene kan gj\u00f8re forretningskommunikasjon mer effektiv og lette integreringen i vertslandet.<\/p>\n<h2>\u00c5 l\u00e6re om Norge og nordmenn<\/h2>\n<p>V\u00e5re l\u00e6rere p\u00e5 dette omr\u00e5de er Inger Marie and Aasa. De har begge tidligere v\u00e6rt ansatt i anerkjente internasjonale organisasjoner hvor de har introdusert norsk kultur og norske skik ker til fag- og forretningsfolk p\u00e5 flyttefot til Norge med gode tilbakemeldinger og godt resultat. \u00a0Begge er av norsk opprinnelse og har bodd i og hatt en yrkes- og forretningskarriere i London i \u00e5revis. Dette gir dem en utmerket erfaringsbakgrunn til \u00e5 formidle innsikt i norsk kultur og samfunn samt til \u00e5 identifisere p\u00e5 hvilke omr\u00e5der Norge og Storbritannia er forskjellige.<\/p>\n<h2>\u00c5 l\u00e6re om Storbritannia og britene<\/h2>\n<p>Kursene er \u00e5pne for alle med annen spr\u00e5kbakgrunn som \u00f8nsker \u00e5 l\u00e6re engelsk. Vi tilbyr oppl\u00e6ring tilpasset dine behov, enten du \u00f8nsker \u00e5 forst\u00e5 det britiske utdannelsessystemet med henblikk p\u00e5 \u00e5 integrere din familie i det britiske samfunn eller du \u00f8nsker \u00e5 forbedre ditt engelsk for mer spesielle fag- eller forretningsform\u00e5l. \u00a0For det siste form\u00e5l har vi kontakter i Storbritannia vi kan trekke p\u00e5.<\/p>\n<h2>Studietur for l\u00e6rere til London<\/h2>\n<p>Sirkel Skills kan tilby forelesninger av engelske l\u00e6rere om det engelske skolesystet.\u00a0Det vil ogs\u00e5 v\u00e6re mulig \u00e5 arrangere bes\u00f8k til engelske skoler.<\/p>\n<p>&nbsp;<\/p>\n<p>Slutt Sirkelen med oss!<\/p>\n<p><a href=\"https:\/\/sirkelskills.com\/?page_id=60\">Kontakt oss for prisforesp\u00f8rsler.<\/a><\/p>\n<p>Gruppeundervisning kan ogs\u00e5 bestilles.<\/p>\n","protected":false},"excerpt":{"rendered":"<p>Koble Sirkelen \u00c5 l\u00e6re om kultur og skikker Introduksjon \u00c5 l\u00e6re et spr\u00e5k er det f\u00f8rste steget i retning av \u00e5 forst\u00e5 et lands kultur. Dette er imidlertid bare starten p\u00e5 prosessen. \u00a0N\u00e5r man f\u00e5r innsikt i landets kultur og sedvaner, vil dette berike opplevelsen under oppholdet og bidra til innlevelse og trivsel. Selv om<\/p>\n","protected":false},"author":1,"featured_media":0,"parent":66,"menu_order":13,"comment_status":"closed","ping_status":"closed","template":"","meta":{"footnotes":""},"class_list":["post-57","page","type-page","status-publish","hentry"],"_links":{"self":[{"href":"https:\/\/sirkelskills.com\/index.php?rest_route=\/wp\/v2\/pages\/57","targetHints":{"allow":["GET"]}}],"collection":[{"href":"https:\/\/sirkelskills.com\/index.php?rest_route=\/wp\/v2\/pages"}],"about":[{"href":"https:\/\/sirkelskills.com\/index.php?rest_route=\/wp\/v2\/types\/page"}],"author":[{"embeddable":true,"href":"https:\/\/sirkelskills.com\/index.php?rest_route=\/wp\/v2\/users\/1"}],"replies":[{"embeddable":true,"href":"https:\/\/sirkelskills.com\/index.php?rest_route=%2Fwp%2Fv2%2Fcomments&post=57"}],"version-history":[{"count":2,"href":"https:\/\/sirkelskills.com\/index.php?rest_route=\/wp\/v2\/pages\/57\/revisions"}],"predecessor-version":[{"id":113,"href":"https:\/\/sirkelskills.com\/index.php?rest_route=\/wp\/v2\/pages\/57\/revisions\/113"}],"up":[{"embeddable":true,"href":"https:\/\/sirkelskills.com\/index.php?rest_route=\/wp\/v2\/pages\/66"}],"wp:attachment":[{"href":"https:\/\/sirkelskills.com\/index.php?rest_route=%2Fwp%2Fv2%2Fmedia&parent=57"}],"curies":[{"name":"wp","href":"https:\/\/api.w.org\/{rel}","templated":true}]}}