{"id":55,"date":"2014-02-16T22:27:16","date_gmt":"2014-02-16T22:27:16","guid":{"rendered":"http:\/\/www.sirkeskills.co.uk\/?page_id=55"},"modified":"2014-02-23T21:57:27","modified_gmt":"2014-02-23T21:57:27","slug":"privat-undervisning-for-voksne","status":"publish","type":"page","link":"https:\/\/sirkelskills.com\/?page_id=55","title":{"rendered":"Privat Undervisning for Voksne"},"content":{"rendered":"<h1>Drei Sirkelen<\/h1>\n<h2>Privatundervisning for voksne<\/h2>\n<p>Spr\u00e5kkompetanse blir stadig mer sentralt i v\u00e5r moderne verden etter hvert som ny teknologi overskrider landegrensene. Enten du trenger spr\u00e5kkompetanse for spesielle fag- eller forretningsform\u00e5l eller av mer personlige motiver, kan forbedring av spr\u00e5kkunnskapene gj\u00f8re en betydelig forskjell i din situasjon. Sirkel tilbyr skreddersydde kurs og fleksibel undervisning som er tilpasset din tidsplan.<\/p>\n<h2>\u00c5 l\u00e6re norsk<\/h2>\n<p>Blant v\u00e5re studenter finnes de som har forbindelser med eller forhold til nordmenn og som \u00f8nsker \u00e5 forbedre dialogen med partnere og nye familiemedlemmer. \u00a0I tillegg finnes forretningsfolk som har behov for \u00e5 sette seg inn i norsk spr\u00e5k og kultur for forretningsform\u00e5l.<\/p>\n<p>Etter flere foresp\u00f8rsler om gruppeundervisning p\u00e5 kveldstid, starter vi en norskklasse i West Brompton i uke 37. Undervisningen vil g\u00e5 over 12 uker og tidspunktene vil v\u00e6re fra kl.19.15-21.15.<\/p>\n<p>&nbsp;<\/p>\n<h2>\u00c5 l\u00e6re engelsk<\/h2>\n<p>Det \u00e5 bo i Storbritannia betyr ikke n\u00f8dvendigvis at spr\u00e5kkunnskapene forbedres. I mange tilfelle kan litt hjelp fra profesjonelle utgj\u00f8re en avgj\u00f8rende forskjell. Vi tilbyr privat undervisning til voksne som \u00f8nsker \u00e5 l\u00f8fte sin engelsk til et h\u00f8yere niv\u00e5. Disse kursene kan passe for hjemmev\u00e6rende ektefeller som ikke f\u00e5r tilstrekkelig anledning til \u00e5 praktisere engelsk mens partneren er p\u00e5 oppdrag i Storbritannia, fagfolk som har behov for \u00e5 forbedre sitt forretningsengelsk eller for de som nylig har flyttet til Storbritannia og \u00f8nsker en snarvei til bedre engelsk.<\/p>\n<h2>Intensivt engelsk kurs<\/h2>\n<p>\u00d8nsker du intensiv engelskundervisning der Bed and Breakfast samt engelskundervisning er inkludert, kan Sirkel Skills kontaktes for mer informasjon.<\/p>\n<p>V\u00e5re kurs setter deg i stand til \u00e5 f\u00e5 oppl\u00e6ringens Sirkel til \u00e5 dreie.<\/p>\n<p><a href=\"https:\/\/sirkelskills.com\/?page_id=60\">Kontakt oss for prisforesp\u00f8rsler.<\/a><\/p>\n<p>Gruppeundervisning kan bestilles.<\/p>\n","protected":false},"excerpt":{"rendered":"<p>Drei Sirkelen Privatundervisning for voksne Spr\u00e5kkompetanse blir stadig mer sentralt i v\u00e5r moderne verden etter hvert som ny teknologi overskrider landegrensene. Enten du trenger spr\u00e5kkompetanse for spesielle fag- eller forretningsform\u00e5l eller av mer personlige motiver, kan forbedring av spr\u00e5kkunnskapene gj\u00f8re en betydelig forskjell i din situasjon. Sirkel tilbyr skreddersydde kurs og fleksibel undervisning som er<\/p>\n","protected":false},"author":1,"featured_media":0,"parent":66,"menu_order":12,"comment_status":"closed","ping_status":"closed","template":"","meta":{"footnotes":""},"class_list":["post-55","page","type-page","status-publish","hentry"],"_links":{"self":[{"href":"https:\/\/sirkelskills.com\/index.php?rest_route=\/wp\/v2\/pages\/55","targetHints":{"allow":["GET"]}}],"collection":[{"href":"https:\/\/sirkelskills.com\/index.php?rest_route=\/wp\/v2\/pages"}],"about":[{"href":"https:\/\/sirkelskills.com\/index.php?rest_route=\/wp\/v2\/types\/page"}],"author":[{"embeddable":true,"href":"https:\/\/sirkelskills.com\/index.php?rest_route=\/wp\/v2\/users\/1"}],"replies":[{"embeddable":true,"href":"https:\/\/sirkelskills.com\/index.php?rest_route=%2Fwp%2Fv2%2Fcomments&post=55"}],"version-history":[{"count":2,"href":"https:\/\/sirkelskills.com\/index.php?rest_route=\/wp\/v2\/pages\/55\/revisions"}],"predecessor-version":[{"id":114,"href":"https:\/\/sirkelskills.com\/index.php?rest_route=\/wp\/v2\/pages\/55\/revisions\/114"}],"up":[{"embeddable":true,"href":"https:\/\/sirkelskills.com\/index.php?rest_route=\/wp\/v2\/pages\/66"}],"wp:attachment":[{"href":"https:\/\/sirkelskills.com\/index.php?rest_route=%2Fwp%2Fv2%2Fmedia&parent=55"}],"curies":[{"name":"wp","href":"https:\/\/api.w.org\/{rel}","templated":true}]}}