{"id":53,"date":"2014-02-16T22:25:47","date_gmt":"2014-02-16T22:25:47","guid":{"rendered":"http:\/\/www.sirkeskills.co.uk\/?page_id=53"},"modified":"2014-02-23T21:56:31","modified_gmt":"2014-02-23T21:56:31","slug":"privat-undervisining-for-barn","status":"publish","type":"page","link":"https:\/\/sirkelskills.com\/?page_id=53","title":{"rendered":"Privat Undervisining for Barn"},"content":{"rendered":"<h1>Start Sirkelen<\/h1>\n<h2>Privatundervisning for barn.<\/h2>\n<p>Betydningen av spr\u00e5k- og kommunikasjonskompetanse vokser i v\u00e5r verden som i stadig sterkere grad preges av multinasjonale konserner og teknologisk samhandling ved hjelp av IKT. Ditt barn kan f\u00e5 et best mulig utgangspunkt med undervisning i Sirkel. Sirkel besitter mange \u00e5rs undervisningserfaring og vet hvordan vi kan formidle kunnskap effektivt med spenning og glede. Hvert barn er et individ og vi setter v\u00e5r \u00e6re i \u00e5 tilpasse undervisningen hver elevs spesielle behov og utgangspunkt.<\/p>\n<h2>L\u00e6re norsk<\/h2>\n<p>\u00c5 vokse opp i et fremmed land kan v\u00e6re b\u00e5de spennende og en viktig kulturell oppdagelse for unge barn. Sirkel bidrar til at barn av norske foreldre kan g\u00e5 p\u00e5 britiske skoler uten \u00e5 tape terreng i forhold til venner i norsk skole n\u00e5r det gjelder norsk spr\u00e5k, historie, geografi og samfunnsfag.<\/p>\n<h2>L\u00e6re engelsk<\/h2>\n<p>Disse kursene passer for fremmedspr\u00e5klige barn som bor i Storbritannia og som har behov for \u00e5 l\u00e6re engelsk p\u00e5 en strukturert m\u00e5te. Barn plukker raskt opp spr\u00e5k gjennom samhandling med andre barn. I tillegg krever ogs\u00e5 god spr\u00e5klig kompetanse tilstrekkelig forst\u00e5else for grammatikk, ortografi samt kjennskap til lingvistiske nyanser og ordspill og ordtak. Vi vil sikre at ditt barn f\u00e5r best mulig st\u00f8tte under utviklingen av spr\u00e5kferdighetene. Dette vil igjen forbedre mulighetene til \u00e5 lykkes og f\u00e5 maksimalt utbytte av oppholdet i Storbritannia. Ditt barn vil kunne trekke veksler p\u00e5 et slikt grunnlag resten av livet.<\/p>\n<p>Med Sirkel vil ditt barn n\u00e5 viktig spr\u00e5kkompetanse som gir en god start p\u00e5 livets sirkel!<\/p>\n<p><a href=\"https:\/\/sirkelskills.com\/?page_id=60\">Kontakt oss for prisforesp\u00f8rsler.<\/a><\/p>\n<p>Gruppeundervisning kan bestilles.<\/p>\n<p>&nbsp;<\/p>\n<p>&nbsp;<\/p>\n<p><strong>Links<\/strong><\/p>\n<p>Learn Norwegian and French in Oslo. Private\u00a0instruction, corporate internal courses.\u00a0<a href=\"http:\/\/www.linguagroup.no\/\">www.linguagroup.no<\/a><\/p>\n","protected":false},"excerpt":{"rendered":"<p>Start Sirkelen Privatundervisning for barn. Betydningen av spr\u00e5k- og kommunikasjonskompetanse vokser i v\u00e5r verden som i stadig sterkere grad preges av multinasjonale konserner og teknologisk samhandling ved hjelp av IKT. Ditt barn kan f\u00e5 et best mulig utgangspunkt med undervisning i Sirkel. Sirkel besitter mange \u00e5rs undervisningserfaring og vet hvordan vi kan formidle kunnskap effektivt<\/p>\n","protected":false},"author":1,"featured_media":0,"parent":66,"menu_order":11,"comment_status":"closed","ping_status":"closed","template":"","meta":{"footnotes":""},"class_list":["post-53","page","type-page","status-publish","hentry"],"_links":{"self":[{"href":"https:\/\/sirkelskills.com\/index.php?rest_route=\/wp\/v2\/pages\/53","targetHints":{"allow":["GET"]}}],"collection":[{"href":"https:\/\/sirkelskills.com\/index.php?rest_route=\/wp\/v2\/pages"}],"about":[{"href":"https:\/\/sirkelskills.com\/index.php?rest_route=\/wp\/v2\/types\/page"}],"author":[{"embeddable":true,"href":"https:\/\/sirkelskills.com\/index.php?rest_route=\/wp\/v2\/users\/1"}],"replies":[{"embeddable":true,"href":"https:\/\/sirkelskills.com\/index.php?rest_route=%2Fwp%2Fv2%2Fcomments&post=53"}],"version-history":[{"count":2,"href":"https:\/\/sirkelskills.com\/index.php?rest_route=\/wp\/v2\/pages\/53\/revisions"}],"predecessor-version":[{"id":112,"href":"https:\/\/sirkelskills.com\/index.php?rest_route=\/wp\/v2\/pages\/53\/revisions\/112"}],"up":[{"embeddable":true,"href":"https:\/\/sirkelskills.com\/index.php?rest_route=\/wp\/v2\/pages\/66"}],"wp:attachment":[{"href":"https:\/\/sirkelskills.com\/index.php?rest_route=%2Fwp%2Fv2%2Fmedia&parent=53"}],"curies":[{"name":"wp","href":"https:\/\/api.w.org\/{rel}","templated":true}]}}