{"id":48,"date":"2014-02-16T22:22:56","date_gmt":"2014-02-16T22:22:56","guid":{"rendered":"http:\/\/www.sirkeskills.co.uk\/?page_id=48"},"modified":"2014-02-23T21:47:10","modified_gmt":"2014-02-23T21:47:10","slug":"hjem","status":"publish","type":"page","link":"https:\/\/sirkelskills.com\/?page_id=48","title":{"rendered":"Hjem"},"content":{"rendered":"<h1>Sirkel\u2026<\/h1>\n<p>\u2026fordi v\u00e5r overbevisning er at l\u00e6ring er en kontinuerlig prosess som vedvarer gjennom hele livets sirkel, med like stor verdi gjennom barndommen som i det voksne liv.<\/p>\n<p>I Sirkel fokuserer vi sterkt p\u00e5 undervisningens kvalitet siden vi leverer oppl\u00e6ringsopplegg med sikte p\u00e5 et lang rekke offentlige eksamener. V\u00e5re l\u00e6rere har mange \u00e5rs erfaring I undervisning av barn og voksne. V\u00e5r spr\u00e5koppl\u00e6ring egner seg godt b\u00e5de for profesjonelle form\u00e5l og som st\u00f8tte for sosial interaksjon.<\/p>\n<p>\u00c5 l\u00e6re er en integrert del av hverdagen. Derfor begrenser vi heller ikke undervisningen til klasserommet. I Sirkel tilrettelegger vi under visning p\u00e5 basis av din tidsplan. Fleksibilitet er n\u00f8kkelen. Du kan bestemme tid og sted; tidlig p\u00e5 morgenen, etter arbeidstid, i helger, p\u00e5 en kaf\u00e9, hjemme hos deg eller hos en av v\u00e5re instrukt\u00f8rer<\/p>\n<p>Start l\u00e6ringens sirkel med Sirkel og meld deg p\u00e5 \u00a0et av v\u00e5re kurs i\u00a0norsk,\u00a0engelsk,\u00a0eller\u00a0kultur og skikker.<\/p>\n<p>Sirkel Skills \u00f8nsker deg en fortsatt fin dag med ukens ordtak:<\/p>\n<p>&#8220;\u00c5 leve er ikke nok. Solskinn, frihet og en liten blomst m\u00e5 en ha&#8221;. H C Andersen.<\/p>\n<p>&nbsp;<\/p>\n<p>&nbsp;<\/p>\n<p>&nbsp;<\/p>\n<p><strong>Links<\/strong><\/p>\n<p>Learn Norwegian and French in Oslo. Private\u00a0instruction, corporate internal courses.\u00a0<a href=\"http:\/\/www.linguagroup.no\/\">www.linguagroup.no<\/a><\/p>\n<p>&nbsp;<\/p>\n","protected":false},"excerpt":{"rendered":"<p>Sirkel\u2026 \u2026fordi v\u00e5r overbevisning er at l\u00e6ring er en kontinuerlig prosess som vedvarer gjennom hele livets sirkel, med like stor verdi gjennom barndommen som i det voksne liv. I Sirkel fokuserer vi sterkt p\u00e5 undervisningens kvalitet siden vi leverer oppl\u00e6ringsopplegg med sikte p\u00e5 et lang rekke offentlige eksamener. V\u00e5re l\u00e6rere har mange \u00e5rs erfaring I<\/p>\n","protected":false},"author":1,"featured_media":0,"parent":71,"menu_order":8,"comment_status":"closed","ping_status":"closed","template":"","meta":{"footnotes":""},"class_list":["post-48","page","type-page","status-publish","hentry"],"_links":{"self":[{"href":"https:\/\/sirkelskills.com\/index.php?rest_route=\/wp\/v2\/pages\/48","targetHints":{"allow":["GET"]}}],"collection":[{"href":"https:\/\/sirkelskills.com\/index.php?rest_route=\/wp\/v2\/pages"}],"about":[{"href":"https:\/\/sirkelskills.com\/index.php?rest_route=\/wp\/v2\/types\/page"}],"author":[{"embeddable":true,"href":"https:\/\/sirkelskills.com\/index.php?rest_route=\/wp\/v2\/users\/1"}],"replies":[{"embeddable":true,"href":"https:\/\/sirkelskills.com\/index.php?rest_route=%2Fwp%2Fv2%2Fcomments&post=48"}],"version-history":[{"count":1,"href":"https:\/\/sirkelskills.com\/index.php?rest_route=\/wp\/v2\/pages\/48\/revisions"}],"predecessor-version":[{"id":94,"href":"https:\/\/sirkelskills.com\/index.php?rest_route=\/wp\/v2\/pages\/48\/revisions\/94"}],"up":[{"embeddable":true,"href":"https:\/\/sirkelskills.com\/index.php?rest_route=\/wp\/v2\/pages\/71"}],"wp:attachment":[{"href":"https:\/\/sirkelskills.com\/index.php?rest_route=%2Fwp%2Fv2%2Fmedia&parent=48"}],"curies":[{"name":"wp","href":"https:\/\/api.w.org\/{rel}","templated":true}]}}